{"id":4558,"date":"2022-07-29T17:46:30","date_gmt":"2022-07-29T17:46:30","guid":{"rendered":"http:\/\/halecka.com.ar\/?page_id=4558"},"modified":"2025-08-29T01:34:30","modified_gmt":"2025-08-28T15:34:30","slug":"inicio-2022","status":"publish","type":"page","link":"https:\/\/halecka.com.ar\/","title":{"rendered":"INICIO 2022"},"content":{"rendered":"\t\t<div data-elementor-type=\"wp-page\" data-elementor-id=\"4558\" class=\"elementor elementor-4558\">\n\t\t\t\t\t\t<section class=\"elementor-section elementor-top-section elementor-element elementor-element-364e4d92 elementor-section-height-min-height elementor-section-stretched elementor-section-boxed elementor-section-height-default elementor-section-items-middle\" data-id=\"364e4d92\" data-element_type=\"section\" data-settings=\"{&quot;background_background&quot;:&quot;classic&quot;,&quot;stretch_section&quot;:&quot;section-stretched&quot;}\">\n\t\t\t\t\t\t\t<div class=\"elementor-background-overlay\"><\/div>\n\t\t\t\t\t\t\t<div class=\"elementor-container elementor-column-gap-default\">\n\t\t\t\t\t<div class=\"elementor-column elementor-col-100 elementor-top-column elementor-element elementor-element-78be68b7\" data-id=\"78be68b7\" data-element_type=\"column\">\n\t\t\t<div class=\"elementor-widget-wrap elementor-element-populated\">\n\t\t\t\t\t\t<div class=\"elementor-element elementor-element-3fe17838 elementor-invisible elementor-widget elementor-widget-heading\" data-id=\"3fe17838\" data-element_type=\"widget\" data-settings=\"{&quot;_animation&quot;:&quot;fadeInRight&quot;}\" data-widget_type=\"heading.default\">\n\t\t\t\t<div class=\"elementor-widget-container\">\n\t\t\t\t\t<h1 class=\"elementor-heading-title elementor-size-default\">ESTUDIO HALECKA<\/h1>\t\t\t\t<\/div>\n\t\t\t\t<\/div>\n\t\t\t\t<div class=\"elementor-element elementor-element-d4a5106 elementor-widget elementor-widget-text-editor\" data-id=\"d4a5106\" data-element_type=\"widget\" data-widget_type=\"text-editor.default\">\n\t\t\t\t<div class=\"elementor-widget-container\">\n\t\t\t\t\t\t\t\t\t<p>ASESORAMIENTO Y CONSULTOR\u00cdA EN TRANSPORTE<\/p>\t\t\t\t\t\t\t\t<\/div>\n\t\t\t\t<\/div>\n\t\t\t\t<div class=\"elementor-element elementor-element-5f31011a elementor-align-left elementor-widget__width-initial elementor-widget elementor-widget-button\" data-id=\"5f31011a\" data-element_type=\"widget\" data-widget_type=\"button.default\">\n\t\t\t\t<div class=\"elementor-widget-container\">\n\t\t\t\t\t\t\t\t\t<div class=\"elementor-button-wrapper\">\n\t\t\t\t\t<a class=\"elementor-button elementor-button-link elementor-size-sm\" href=\"http:\/\/halecka.com.ar\/?page_id=11\">\n\t\t\t\t\t\t<span class=\"elementor-button-content-wrapper\">\n\t\t\t\t\t\t<span class=\"elementor-button-icon\">\n\t\t\t\t<i aria-hidden=\"true\" class=\"far fa-arrow-alt-circle-right\"><\/i>\t\t\t<\/span>\n\t\t\t\t\t\t\t\t\t<span class=\"elementor-button-text\">ACCESO \u00c1REA<br>  CLIENTES <\/span>\n\t\t\t\t\t<\/span>\n\t\t\t\t\t<\/a>\n\t\t\t\t<\/div>\n\t\t\t\t\t\t\t\t<\/div>\n\t\t\t\t<\/div>\n\t\t\t\t<div class=\"elementor-element elementor-element-414244f elementor-align-left elementor-widget__width-initial elementor-widget elementor-widget-button\" data-id=\"414244f\" data-element_type=\"widget\" data-widget_type=\"button.default\">\n\t\t\t\t<div class=\"elementor-widget-container\">\n\t\t\t\t\t\t\t\t\t<div class=\"elementor-button-wrapper\">\n\t\t\t\t\t<a class=\"elementor-button elementor-button-link elementor-size-sm\" href=\"https:\/\/drive.google.com\/file\/d\/1nz3VDqeS3d9CKK4Kd2H56T_rM3C1KJbZ\/view?usp=sharing\">\n\t\t\t\t\t\t<span class=\"elementor-button-content-wrapper\">\n\t\t\t\t\t\t<span class=\"elementor-button-icon\">\n\t\t\t\t<i aria-hidden=\"true\" class=\"far fa-arrow-alt-circle-right\"><\/i>\t\t\t<\/span>\n\t\t\t\t\t\t\t\t\t<span class=\"elementor-button-text\">TUTORIAL ACCESO<\/span>\n\t\t\t\t\t<\/span>\n\t\t\t\t\t<\/a>\n\t\t\t\t<\/div>\n\t\t\t\t\t\t\t\t<\/div>\n\t\t\t\t<\/div>\n\t\t\t\t<div class=\"elementor-element elementor-element-c7a186a elementor-align-left elementor-widget elementor-widget-button\" data-id=\"c7a186a\" data-element_type=\"widget\" data-widget_type=\"button.default\">\n\t\t\t\t<div class=\"elementor-widget-container\">\n\t\t\t\t\t\t\t\t\t<div class=\"elementor-button-wrapper\">\n\t\t\t\t\t<a class=\"elementor-button elementor-button-link elementor-size-sm\" href=\"http:\/\/halecka.com.ar\/?page_id=4703(abre%20en%20una%20nueva%20pesta\u00f1a)\">\n\t\t\t\t\t\t<span class=\"elementor-button-content-wrapper\">\n\t\t\t\t\t\t<span class=\"elementor-button-icon\">\n\t\t\t\t<i aria-hidden=\"true\" class=\"far fa-arrow-alt-circle-right\"><\/i>\t\t\t<\/span>\n\t\t\t\t\t\t\t\t\t<span class=\"elementor-button-text\">an\u00e1lisis  DE  LA<br>INFORMACION<\/span>\n\t\t\t\t\t<\/span>\n\t\t\t\t\t<\/a>\n\t\t\t\t<\/div>\n\t\t\t\t\t\t\t\t<\/div>\n\t\t\t\t<\/div>\n\t\t\t\t<div class=\"elementor-element elementor-element-2c58ee6 elementor-align-left elementor-widget elementor-widget-button\" data-id=\"2c58ee6\" data-element_type=\"widget\" data-widget_type=\"button.default\">\n\t\t\t\t<div class=\"elementor-widget-container\">\n\t\t\t\t\t\t\t\t\t<div class=\"elementor-button-wrapper\">\n\t\t\t\t\t<a class=\"elementor-button elementor-button-link elementor-size-sm\" href=\"http:\/\/halecka.com.ar\/?page_id=4556&#038;preview=true\">\n\t\t\t\t\t\t<span class=\"elementor-button-content-wrapper\">\n\t\t\t\t\t\t<span class=\"elementor-button-icon\">\n\t\t\t\t<i aria-hidden=\"true\" class=\"far fa-arrow-alt-circle-right\"><\/i>\t\t\t<\/span>\n\t\t\t\t\t\t\t\t\t<span class=\"elementor-button-text\">informacion <br>p\u00fablica<\/span>\n\t\t\t\t\t<\/span>\n\t\t\t\t\t<\/a>\n\t\t\t\t<\/div>\n\t\t\t\t\t\t\t\t<\/div>\n\t\t\t\t<\/div>\n\t\t\t\t\t<\/div>\n\t\t<\/div>\n\t\t\t\t\t<\/div>\n\t\t<\/section>\n\t\t\t\t<section class=\"elementor-section elementor-top-section elementor-element elementor-element-6ca3684 elementor-section-boxed elementor-section-height-default elementor-section-height-default\" data-id=\"6ca3684\" data-element_type=\"section\">\n\t\t\t\t\t\t<div class=\"elementor-container elementor-column-gap-default\">\n\t\t\t\t\t<div class=\"elementor-column elementor-col-100 elementor-top-column elementor-element elementor-element-da92dfa\" data-id=\"da92dfa\" data-element_type=\"column\">\n\t\t\t<div class=\"elementor-widget-wrap elementor-element-populated\">\n\t\t\t\t\t\t<div class=\"elementor-element elementor-element-a56df04 elementor-widget elementor-widget-toggle\" data-id=\"a56df04\" data-element_type=\"widget\" data-widget_type=\"toggle.default\">\n\t\t\t\t<div class=\"elementor-widget-container\">\n\t\t\t\t\t\t\t<div class=\"elementor-toggle\">\n\t\t\t\t\t\t\t<div class=\"elementor-toggle-item\">\n\t\t\t\t\t<div id=\"elementor-tab-title-1731\" class=\"elementor-tab-title\" data-tab=\"1\" role=\"button\" aria-controls=\"elementor-tab-content-1731\" aria-expanded=\"false\">\n\t\t\t\t\t\t\t\t\t\t\t\t<span class=\"elementor-toggle-icon elementor-toggle-icon-left\" aria-hidden=\"true\">\n\t\t\t\t\t\t\t\t\t\t\t\t\t\t\t<span class=\"elementor-toggle-icon-closed\"><i class=\"fas fa-caret-right\"><\/i><\/span>\n\t\t\t\t\t\t\t\t<span class=\"elementor-toggle-icon-opened\"><i class=\"elementor-toggle-icon-opened fas fa-caret-up\"><\/i><\/span>\n\t\t\t\t\t\t\t\t\t\t\t\t\t<\/span>\n\t\t\t\t\t\t\t\t\t\t\t\t<a class=\"elementor-toggle-title\" tabindex=\"0\">QUIENES SOMOS<\/a>\n\t\t\t\t\t<\/div>\n\n\t\t\t\t\t<div id=\"elementor-tab-content-1731\" class=\"elementor-tab-content elementor-clearfix\" data-tab=\"1\" role=\"region\" aria-labelledby=\"elementor-tab-title-1731\"><p><img fetchpriority=\"high\" decoding=\"async\" class=\"alignnone\" style=\"font-style: inherit;\" src=\"http:\/\/halecka.com.ar\/wp-content\/uploads\/2020\/12\/paper-3213924_1280-300x189.jpg\" alt=\"\" width=\"300\" height=\"189\" \/><span style=\"font-size: 1.6666666666667rem; font-style: normal;\">\u00a0 \u00a0\u00a0<\/span><b style=\"font-size: 1.6666666666667rem;\">\u00a0 \u00a0 \u00a0 \u00a0 \u00a0 \u00a0 \u00a0 \u00a0 \u00a0 \u00a0 \u00a0 \u00a0 \u00a0 \u00a0 \u00a0 \u00a0 \u00a0<a href=\"http:\/\/halecka.com.ar\/?page_id=64\">CONOCERNOS MAS<\/a> \u00a0\u00a0<\/b><\/p><p><span style=\"caret-color: #7a7a7a; color: #7a7a7a; font-family: 'Open Sans', sans-serif; font-size: 15px; font-style: normal;\">Somos una consultora dedicada, exclusivamente, al abordaje y asesoramiento integral del Transporte Automotor de Pasajeros.<\/span><span style=\"font-size: 15px;\"><br \/><\/span><\/p><\/div>\n\t\t\t\t<\/div>\n\t\t\t\t\t\t\t<div class=\"elementor-toggle-item\">\n\t\t\t\t\t<div id=\"elementor-tab-title-1732\" class=\"elementor-tab-title\" data-tab=\"2\" role=\"button\" aria-controls=\"elementor-tab-content-1732\" aria-expanded=\"false\">\n\t\t\t\t\t\t\t\t\t\t\t\t<span class=\"elementor-toggle-icon elementor-toggle-icon-left\" aria-hidden=\"true\">\n\t\t\t\t\t\t\t\t\t\t\t\t\t\t\t<span class=\"elementor-toggle-icon-closed\"><i class=\"fas fa-caret-right\"><\/i><\/span>\n\t\t\t\t\t\t\t\t<span class=\"elementor-toggle-icon-opened\"><i class=\"elementor-toggle-icon-opened fas fa-caret-up\"><\/i><\/span>\n\t\t\t\t\t\t\t\t\t\t\t\t\t<\/span>\n\t\t\t\t\t\t\t\t\t\t\t\t<a class=\"elementor-toggle-title\" tabindex=\"0\">SERVICIOS<\/a>\n\t\t\t\t\t<\/div>\n\n\t\t\t\t\t<div id=\"elementor-tab-content-1732\" class=\"elementor-tab-content elementor-clearfix\" data-tab=\"2\" role=\"region\" aria-labelledby=\"elementor-tab-title-1732\"><h3>\u00a0<img decoding=\"async\" src=\"http:\/\/halecka.com.ar\/wp-content\/uploads\/2020\/12\/concept-1868728_640-300x200.jpg\" alt=\"\" width=\"300\" height=\"200\" \/>\u00a0 \u00a0 \u00a0 \u00a0 \u00a0 \u00a0 \u00a0 \u00a0 \u00a0 \u00a0 \u00a0 \u00a0 \u00a0 \u00a0 \u00a0 \u00a0 \u00a0 \u00a0 \u00a0 \u00a0 <b>\u00a0 \u00a0 PLANIFICACI\u00d3N \u00a0\u00a0<\/b><\/h3><p><span style=\"caret-color: #7a7a7a; color: #7a7a7a; font-family: 'Open Sans', sans-serif; font-size: 15px; font-style: normal; background-color: #f7f8f9;\">An\u00e1lisis de problem\u00e1ticas inherentes al Transporte P\u00fablico de Pasajeros, elaboraci\u00f3n de soluciones, y \u00a0presentaci\u00f3n de propuestas \u00a0para la aplicaci\u00f3n de la soluci\u00f3n definida.<\/span><\/p><h3><span style=\"font-size: 15px;\">\u00a0 \u00a0\u00a0<\/span><img decoding=\"async\" style=\"font-style: inherit;\" src=\"http:\/\/halecka.com.ar\/wp-content\/uploads\/2020\/12\/consulting-3031678_640-300x200.jpg\" alt=\"\" width=\"300\" height=\"200\" \/><span style=\"font-size: 15px;\">\u00a0 \u00a0<\/span><span style=\"font-size: 1.6666666666667rem; font-style: normal;\">\u00a0 \u00a0 \u00a0 \u00a0 \u00a0 \u00a0 \u00a0 \u00a0 \u00a0 \u00a0 \u00a0 \u00a0 \u00a0 \u00a0 \u00a0 \u00a0 \u00a0<\/span><span style=\"font-size: 1.6666666666667rem; font-style: normal;\">\u00a0<\/span><b style=\"font-size: 1.6666666666667rem;\">\u00a0 \u00a0 CONSULTOR\u00cdA \u00a0\u00a0<\/b><\/h3><div><b style=\"font-size: 1.6666666666667rem;\">\u00a0<\/b><span style=\"caret-color: #7a7a7a; color: #7a7a7a; font-family: 'Open Sans', sans-serif; font-size: 15px; font-style: normal; background-color: #f7f8f9;\">Servicio de asesor\u00eda especializada \u00a0con el fin de encontrar soluciones a uno o m\u00e1s de sus problemas de negocio o necesidades empresariales, que se sustenta en la innovaci\u00f3n, la experiencia, el conocimiento, las habilidades de los profesionales, los m\u00e9todos y las herramientas.<\/span><br \/><span style=\"caret-color: #7a7a7a; color: #7a7a7a; font-family: 'Open Sans', sans-serif; font-size: 15px; font-style: normal; background-color: #f7f8f9;\"><br \/><\/span><\/div><div><span style=\"font-size: 15px;\">\u00a0 \u00a0 \u00a0<\/span><img loading=\"lazy\" decoding=\"async\" style=\"font-style: inherit;\" src=\"http:\/\/halecka.com.ar\/wp-content\/uploads\/2020\/12\/workplace-1245776_640-300x200.jpg\" alt=\"\" width=\"300\" height=\"200\" \/>\u00a0 \u00a0 \u00a0 \u00a0 \u00a0 \u00a0 \u00a0 \u00a0 \u00a0 \u00a0 \u00a0 \u00a0 \u00a0 \u00a0 \u00a0 \u00a0 \u00a0 \u00a0 \u00a0 \u00a0 \u00a0 \u00a0 \u00a0 \u00a0 \u00a0 \u00a0 \u00a0 \u00a0 \u00a0 \u00a0 \u00a0\u00a0<b style=\"font-size: 1.6666666666667rem;\">\u00a0ASESORAMIENTO \u00a0\u00a0<\/b><br \/><b style=\"font-size: 1.6666666666667rem;\"><br \/><\/b><\/div><div><p><span style=\"font-size: 15px;\">\u00a0 \u00a0 \u00a0<\/span><span style=\"caret-color: #7a7a7a; color: #7a7a7a; font-family: 'Open Sans', sans-serif; font-size: 15px; font-style: normal; background-color: #f7f8f9;\">Supervisi\u00f3n y \u00a0an\u00e1lisis cont\u00ednuo de la organizaci\u00f3n, con objeto de \u00a0prevenir situaciones de riesgo para su Empresa.\u00a0<\/span><\/p><p><span style=\"font-size: 15px;\">\u00a0<\/span><span style=\"font-style: normal; font-size: 15px;\">\u00a0<\/span><img loading=\"lazy\" decoding=\"async\" style=\"font-style: inherit;\" src=\"http:\/\/halecka.com.ar\/wp-content\/uploads\/2020\/12\/stock-1863880_640-1-300x200.jpg\" alt=\"\" width=\"300\" height=\"200\" \/><span style=\"font-size: 15px; font-style: normal;\">\u00a0\u00a0 \u00a0 \u00a0 \u00a0 \u00a0 \u00a0 \u00a0 \u00a0 \u00a0 \u00a0 \u00a0 \u00a0 \u00a0 \u00a0 \u00a0 \u00a0 \u00a0 \u00a0 \u00a0 \u00a0 \u00a0 \u00a0 \u00a0 \u00a0 \u00a0 \u00a0 \u00a0 \u00a0 \u00a0 \u00a0\u00a0<\/span><b style=\"font-style: inherit; font-size: 1.6666666666667rem;\">\u00a0RESULTADOS<\/b><\/p><p><b style=\"font-style: inherit; font-size: 1.6666666666667rem;\">\u00a0<\/b><span style=\"caret-color: #7a7a7a; color: #7a7a7a; font-family: 'Open Sans', sans-serif; font-size: 15px; font-style: normal; background-color: #f7f8f9;\">Las necesidades y requerimientos de cada cliente son \u00fanicos y de esta forma abordamos cada trabajo de consultor\u00eda. Sin embargo en cada uno de \u00a0 \u00a0nuestros trabajos, buscamos ofrecer el mayor Valor a nuestros clientes, siempre ofreciendo nuestra m\u00e1xima capacidad y conocimientos.<\/span><\/p><p>\u00a0<\/p><\/div><\/div>\n\t\t\t\t<\/div>\n\t\t\t\t\t\t\t<div class=\"elementor-toggle-item\">\n\t\t\t\t\t<div id=\"elementor-tab-title-1733\" class=\"elementor-tab-title\" data-tab=\"3\" role=\"button\" aria-controls=\"elementor-tab-content-1733\" aria-expanded=\"false\">\n\t\t\t\t\t\t\t\t\t\t\t\t<span class=\"elementor-toggle-icon elementor-toggle-icon-left\" aria-hidden=\"true\">\n\t\t\t\t\t\t\t\t\t\t\t\t\t\t\t<span class=\"elementor-toggle-icon-closed\"><i class=\"fas fa-caret-right\"><\/i><\/span>\n\t\t\t\t\t\t\t\t<span class=\"elementor-toggle-icon-opened\"><i class=\"elementor-toggle-icon-opened fas fa-caret-up\"><\/i><\/span>\n\t\t\t\t\t\t\t\t\t\t\t\t\t<\/span>\n\t\t\t\t\t\t\t\t\t\t\t\t<a class=\"elementor-toggle-title\" tabindex=\"0\">CONTACTO<\/a>\n\t\t\t\t\t<\/div>\n\n\t\t\t\t\t<div id=\"elementor-tab-content-1733\" class=\"elementor-tab-content elementor-clearfix\" data-tab=\"3\" role=\"region\" aria-labelledby=\"elementor-tab-title-1733\"><p><blockquote class=\"wp-embedded-content\" data-secret=\"wgbjFvzYQu\"><a href=\"https:\/\/halecka.com.ar\/?page_id=66\">CONTACTO<\/a><\/blockquote><iframe class=\"wp-embedded-content\" sandbox=\"allow-scripts\" security=\"restricted\" style=\"position: absolute; visibility: hidden;\" title=\"\u00abCONTACTO\u00bb \u2014 \" src=\"https:\/\/halecka.com.ar\/?page_id=66&#038;embed=true#?secret=TLoVoZ4jvd#?secret=wgbjFvzYQu\" data-secret=\"wgbjFvzYQu\" width=\"500\" height=\"282\" frameborder=\"0\" marginwidth=\"0\" marginheight=\"0\" scrolling=\"no\"><\/iframe><\/p><\/div>\n\t\t\t\t<\/div>\n\t\t\t\t\t\t\t\t<\/div>\n\t\t\t\t\t\t<\/div>\n\t\t\t\t<\/div>\n\t\t\t\t\t<\/div>\n\t\t<\/div>\n\t\t\t\t\t<\/div>\n\t\t<\/section>\n\t\t\t\t<\/div>\n\t\t","protected":false},"excerpt":{"rendered":"<p>ESTUDIO HALECKA ASESORAMIENTO Y CONSULTOR\u00cdA EN TRANSPORTE ACCESO \u00c1REA CLIENTES TUTORIAL ACCESO an\u00e1lisis DE LAINFORMACION informacion p\u00fablica QUIENES SOMOS \u00a0 \u00a0\u00a0\u00a0 \u00a0 \u00a0 \u00a0 \u00a0 \u00a0 \u00a0 \u00a0 \u00a0 \u00a0 \u00a0 \u00a0 \u00a0 \u00a0 \u00a0 \u00a0 \u00a0CONOCERNOS MAS \u00a0\u00a0 Somos una consultora dedicada, exclusivamente, al abordaje y asesoramiento integral del Transporte Automotor de Pasajeros. SERVICIOS [&hellip;]<\/p>\n","protected":false},"author":2,"featured_media":0,"parent":0,"menu_order":0,"comment_status":"closed","ping_status":"closed","template":"","meta":{"site-sidebar-layout":"no-sidebar","site-content-layout":"page-builder","ast-site-content-layout":"","site-content-style":"default","site-sidebar-style":"default","ast-global-header-display":"","ast-banner-title-visibility":"","ast-main-header-display":"","ast-hfb-above-header-display":"","ast-hfb-below-header-display":"","ast-hfb-mobile-header-display":"","site-post-title":"disabled","ast-breadcrumbs-content":"","ast-featured-img":"disabled","footer-sml-layout":"","theme-transparent-header-meta":"default","adv-header-id-meta":"","stick-header-meta":"","header-above-stick-meta":"","header-main-stick-meta":"","header-below-stick-meta":"","astra-migrate-meta-layouts":"default","ast-page-background-enabled":"default","ast-page-background-meta":{"desktop":{"background-color":"var(--ast-global-color-4)","background-image":"","background-repeat":"repeat","background-position":"center center","background-size":"auto","background-attachment":"scroll","background-type":"","background-media":"","overlay-type":"","overlay-color":"","overlay-opacity":"","overlay-gradient":""},"tablet":{"background-color":"","background-image":"","background-repeat":"repeat","background-position":"center center","background-size":"auto","background-attachment":"scroll","background-type":"","background-media":"","overlay-type":"","overlay-color":"","overlay-opacity":"","overlay-gradient":""},"mobile":{"background-color":"","background-image":"","background-repeat":"repeat","background-position":"center center","background-size":"auto","background-attachment":"scroll","background-type":"","background-media":"","overlay-type":"","overlay-color":"","overlay-opacity":"","overlay-gradient":""}},"ast-content-background-meta":{"desktop":{"background-color":"var(--ast-global-color-5)","background-image":"","background-repeat":"repeat","background-position":"center center","background-size":"auto","background-attachment":"scroll","background-type":"","background-media":"","overlay-type":"","overlay-color":"","overlay-opacity":"","overlay-gradient":""},"tablet":{"background-color":"var(--ast-global-color-5)","background-image":"","background-repeat":"repeat","background-position":"center center","background-size":"auto","background-attachment":"scroll","background-type":"","background-media":"","overlay-type":"","overlay-color":"","overlay-opacity":"","overlay-gradient":""},"mobile":{"background-color":"var(--ast-global-color-5)","background-image":"","background-repeat":"repeat","background-position":"center center","background-size":"auto","background-attachment":"scroll","background-type":"","background-media":"","overlay-type":"","overlay-color":"","overlay-opacity":"","overlay-gradient":""}},"footnotes":""},"class_list":["post-4558","page","type-page","status-publish","hentry"],"jetpack_sharing_enabled":true,"_links":{"self":[{"href":"https:\/\/halecka.com.ar\/index.php?rest_route=\/wp\/v2\/pages\/4558","targetHints":{"allow":["GET"]}}],"collection":[{"href":"https:\/\/halecka.com.ar\/index.php?rest_route=\/wp\/v2\/pages"}],"about":[{"href":"https:\/\/halecka.com.ar\/index.php?rest_route=\/wp\/v2\/types\/page"}],"author":[{"embeddable":true,"href":"https:\/\/halecka.com.ar\/index.php?rest_route=\/wp\/v2\/users\/2"}],"replies":[{"embeddable":true,"href":"https:\/\/halecka.com.ar\/index.php?rest_route=%2Fwp%2Fv2%2Fcomments&post=4558"}],"version-history":[{"count":112,"href":"https:\/\/halecka.com.ar\/index.php?rest_route=\/wp\/v2\/pages\/4558\/revisions"}],"predecessor-version":[{"id":6454,"href":"https:\/\/halecka.com.ar\/index.php?rest_route=\/wp\/v2\/pages\/4558\/revisions\/6454"}],"wp:attachment":[{"href":"https:\/\/halecka.com.ar\/index.php?rest_route=%2Fwp%2Fv2%2Fmedia&parent=4558"}],"curies":[{"name":"wp","href":"https:\/\/api.w.org\/{rel}","templated":true}]}}